{"id":145,"date":"2025-07-27T11:36:32","date_gmt":"2025-07-27T09:36:32","guid":{"rendered":"http:\/\/www.feuerwehr-grosswallstadt.de\/?page_id=145"},"modified":"2025-12-14T17:28:35","modified_gmt":"2025-12-14T16:28:35","slug":"fuehrung","status":"publish","type":"page","link":"https:\/\/www.feuerwehr-grosswallstadt.de\/?page_id=145","title":{"rendered":"Wehrf\u00fchrung"},"content":{"rendered":"\t\t<div data-elementor-type=\"wp-post\" data-elementor-id=\"145\" class=\"elementor elementor-145\">\n\t\t\t\t<div class=\"elementor-element elementor-element-ab56555 e-flex e-con-boxed e-con e-parent\" data-id=\"ab56555\" data-element_type=\"container\" data-e-type=\"container\">\n\t\t\t\t\t<div class=\"e-con-inner\">\n\t\t\t\t<div class=\"elementor-element elementor-element-cc6dc8f elementor-widget elementor-widget-heading\" data-id=\"cc6dc8f\" data-element_type=\"widget\" data-e-type=\"widget\" data-widget_type=\"heading.default\">\n\t\t\t\t<div class=\"elementor-widget-container\">\n\t\t\t\t\t<h2 class=\"elementor-heading-title elementor-size-default\">Kommandanten<\/h2>\t\t\t\t<\/div>\n\t\t\t\t<\/div>\n\t\t\t\t\t<\/div>\n\t\t\t\t<\/div>\n\t\t<div class=\"elementor-element elementor-element-0e012cf e-flex e-con-boxed e-con e-parent\" data-id=\"0e012cf\" data-element_type=\"container\" data-e-type=\"container\">\n\t\t\t\t\t<div class=\"e-con-inner\">\n\t\t<div class=\"elementor-element elementor-element-705b8a4 e-con-full e-flex e-con e-child\" data-id=\"705b8a4\" data-element_type=\"container\" data-e-type=\"container\">\n\t\t\t\t<div class=\"elementor-element elementor-element-b4ea1b1 elementor-widget elementor-widget-teams_widget\" data-id=\"b4ea1b1\" data-element_type=\"widget\" data-e-type=\"widget\" data-widget_type=\"teams_widget.default\">\n\t\t\t\t<div class=\"elementor-widget-container\">\n\t\t\t\t\t\r\n\r\n<div class=\"our-team8\">\r\n    <div class=\"pic8\">\r\n            <img decoding=\"async\" src=\"https:\/\/www.feuerwehr-grosswallstadt.de\/wp-content\/uploads\/2025\/07\/IMG_8105.jpg\">\r\n        <ul class=\"social8\">\r\n                    <\/ul>\r\n    <\/div>\r\n    <div class=\"team-content8\">\r\n        <div class=\"team-info8\">\r\n            <h3 class=\"title8 team_titls\">Kilian Giegerich<\/h3>\r\n            <span class=\"post8 team_desc\">1. Kommandant<\/span>\r\n        <\/div>\r\n    <\/div>\r\n<\/div>\t\t\t\t<\/div>\n\t\t\t\t<\/div>\n\t\t\t\t<\/div>\n\t\t<div class=\"elementor-element elementor-element-dbf7c88 e-con-full e-flex e-con e-child\" data-id=\"dbf7c88\" data-element_type=\"container\" data-e-type=\"container\">\n\t\t\t\t<div class=\"elementor-element elementor-element-958eda4 elementor-widget elementor-widget-teams_widget\" data-id=\"958eda4\" data-element_type=\"widget\" data-e-type=\"widget\" data-widget_type=\"teams_widget.default\">\n\t\t\t\t<div class=\"elementor-widget-container\">\n\t\t\t\t\t\r\n\r\n<div class=\"our-team8\">\r\n    <div class=\"pic8\">\r\n            <img decoding=\"async\" src=\"https:\/\/www.feuerwehr-grosswallstadt.de\/wp-content\/uploads\/2025\/07\/Hein-K_1.jpg\">\r\n        <ul class=\"social8\">\r\n                    <\/ul>\r\n    <\/div>\r\n    <div class=\"team-content8\">\r\n        <div class=\"team-info8\">\r\n            <h3 class=\"title8 team_titls\">Kilian Hein<\/h3>\r\n            <span class=\"post8 team_desc\">2. Kommandant<\/span>\r\n        <\/div>\r\n    <\/div>\r\n<\/div>\t\t\t\t<\/div>\n\t\t\t\t<\/div>\n\t\t\t\t<\/div>\n\t\t\t\t\t<\/div>\n\t\t\t\t<\/div>\n\t\t<div class=\"elementor-element elementor-element-b1cc10f e-flex e-con-boxed e-con e-parent\" data-id=\"b1cc10f\" data-element_type=\"container\" data-e-type=\"container\">\n\t\t\t\t\t<div class=\"e-con-inner\">\n\t\t<div class=\"elementor-element elementor-element-bc9b593 e-con-full e-flex e-con e-child\" data-id=\"bc9b593\" data-element_type=\"container\" data-e-type=\"container\">\n\t\t\t\t<div class=\"elementor-element elementor-element-64c7379 elementor-widget elementor-widget-heading\" data-id=\"64c7379\" data-element_type=\"widget\" data-e-type=\"widget\" data-widget_type=\"heading.default\">\n\t\t\t\t<div class=\"elementor-widget-container\">\n\t\t\t\t\t<h2 class=\"elementor-heading-title elementor-size-default\">Zugf\u00fchrer<\/h2>\t\t\t\t<\/div>\n\t\t\t\t<\/div>\n\t\t\t\t<\/div>\n\t\t\t\t\t<\/div>\n\t\t\t\t<\/div>\n\t\t<div class=\"elementor-element elementor-element-5b9a4ae e-flex e-con-boxed e-con e-parent\" data-id=\"5b9a4ae\" data-element_type=\"container\" data-e-type=\"container\">\n\t\t\t\t\t<div class=\"e-con-inner\">\n\t\t<div class=\"elementor-element elementor-element-3e073bc e-con-full e-flex e-con e-child\" data-id=\"3e073bc\" data-element_type=\"container\" data-e-type=\"container\">\n\t\t\t\t<div class=\"elementor-element elementor-element-e39062b elementor-widget elementor-widget-teams_widget\" data-id=\"e39062b\" data-element_type=\"widget\" data-e-type=\"widget\" data-widget_type=\"teams_widget.default\">\n\t\t\t\t<div class=\"elementor-widget-container\">\n\t\t\t\t\t\r\n\r\n<div class=\"our-team8\">\r\n    <div class=\"pic8\">\r\n            <img decoding=\"async\" src=\"https:\/\/www.feuerwehr-grosswallstadt.de\/wp-content\/uploads\/2025\/07\/IMG_8099.jpg\">\r\n        <ul class=\"social8\">\r\n                    <\/ul>\r\n    <\/div>\r\n    <div class=\"team-content8\">\r\n        <div class=\"team-info8\">\r\n            <h3 class=\"title8 team_titls\">Christian Schwarzkopf<\/h3>\r\n            <span class=\"post8 team_desc\">Zugf\u00fchrer Zug 1<\/span>\r\n        <\/div>\r\n    <\/div>\r\n<\/div>\t\t\t\t<\/div>\n\t\t\t\t<\/div>\n\t\t\t\t<\/div>\n\t\t<div class=\"elementor-element elementor-element-528c735 e-con-full e-flex e-con e-child\" data-id=\"528c735\" data-element_type=\"container\" data-e-type=\"container\">\n\t\t\t\t<div class=\"elementor-element elementor-element-9da34b0 elementor-widget elementor-widget-teams_widget\" data-id=\"9da34b0\" data-element_type=\"widget\" data-e-type=\"widget\" data-widget_type=\"teams_widget.default\">\n\t\t\t\t<div class=\"elementor-widget-container\">\n\t\t\t\t\t\r\n\r\n<div class=\"our-team8\">\r\n    <div class=\"pic8\">\r\n            <img decoding=\"async\" src=\"https:\/\/www.feuerwehr-grosswallstadt.de\/wp-content\/uploads\/2025\/08\/Adrian-Th-Fw_2.jpg\">\r\n        <ul class=\"social8\">\r\n                    <\/ul>\r\n    <\/div>\r\n    <div class=\"team-content8\">\r\n        <div class=\"team-info8\">\r\n            <h3 class=\"title8 team_titls\">Thomas Adrian<\/h3>\r\n            <span class=\"post8 team_desc\">stellv. Zugf\u00fchrer Zug 1<\/span>\r\n        <\/div>\r\n    <\/div>\r\n<\/div>\t\t\t\t<\/div>\n\t\t\t\t<\/div>\n\t\t\t\t<\/div>\n\t\t<div class=\"elementor-element elementor-element-c5ccaf6 e-con-full e-flex e-con e-child\" data-id=\"c5ccaf6\" data-element_type=\"container\" data-e-type=\"container\">\n\t\t\t\t<div class=\"elementor-element elementor-element-7f7a29c elementor-widget elementor-widget-teams_widget\" data-id=\"7f7a29c\" data-element_type=\"widget\" data-e-type=\"widget\" data-widget_type=\"teams_widget.default\">\n\t\t\t\t<div class=\"elementor-widget-container\">\n\t\t\t\t\t\r\n\r\n<div class=\"our-team8\">\r\n    <div class=\"pic8\">\r\n            <img decoding=\"async\" src=\"https:\/\/www.feuerwehr-grosswallstadt.de\/wp-content\/uploads\/2025\/07\/IMG_8109.jpg\">\r\n        <ul class=\"social8\">\r\n                    <\/ul>\r\n    <\/div>\r\n    <div class=\"team-content8\">\r\n        <div class=\"team-info8\">\r\n            <h3 class=\"title8 team_titls\">J\u00fcrgen Schnabel<\/h3>\r\n            <span class=\"post8 team_desc\">Zugf\u00fchrer Zug 2<\/span>\r\n        <\/div>\r\n    <\/div>\r\n<\/div>\t\t\t\t<\/div>\n\t\t\t\t<\/div>\n\t\t\t\t<\/div>\n\t\t<div class=\"elementor-element elementor-element-7b2c716 e-con-full e-flex e-con e-child\" data-id=\"7b2c716\" data-element_type=\"container\" data-e-type=\"container\">\n\t\t\t\t<div class=\"elementor-element elementor-element-8d8d802 elementor-widget elementor-widget-teams_widget\" data-id=\"8d8d802\" data-element_type=\"widget\" data-e-type=\"widget\" data-widget_type=\"teams_widget.default\">\n\t\t\t\t<div class=\"elementor-widget-container\">\n\t\t\t\t\t\r\n\r\n<div class=\"our-team8\">\r\n    <div class=\"pic8\">\r\n            <img decoding=\"async\" src=\"https:\/\/www.feuerwehr-grosswallstadt.de\/wp-content\/uploads\/2025\/07\/Hein-K_1.jpg\">\r\n        <ul class=\"social8\">\r\n                    <\/ul>\r\n    <\/div>\r\n    <div class=\"team-content8\">\r\n        <div class=\"team-info8\">\r\n            <h3 class=\"title8 team_titls\">Kilian Hein<\/h3>\r\n            <span class=\"post8 team_desc\">stellv. Zugf\u00fchrer Zug 2<\/span>\r\n        <\/div>\r\n    <\/div>\r\n<\/div>\t\t\t\t<\/div>\n\t\t\t\t<\/div>\n\t\t\t\t<\/div>\n\t\t\t\t\t<\/div>\n\t\t\t\t<\/div>\n\t\t\t\t<\/div>\n\t\t","protected":false},"excerpt":{"rendered":"<p>Kommandanten Kilian Giegerich 1. Kommandant Kilian Hein 2. Kommandant Zugf\u00fchrer Christian Schwarzkopf Zugf\u00fchrer Zug 1 Thomas Adrian stellv. Zugf\u00fchrer Zug [&hellip;]<\/p>\n","protected":false},"author":1,"featured_media":0,"parent":0,"menu_order":0,"comment_status":"closed","ping_status":"closed","template":"","meta":{"site-sidebar-layout":"no-sidebar","site-content-layout":"","ast-site-content-layout":"full-width-container","site-content-style":"default","site-sidebar-style":"default","ast-global-header-display":"","ast-banner-title-visibility":"","ast-main-header-display":"","ast-hfb-above-header-display":"","ast-hfb-below-header-display":"","ast-hfb-mobile-header-display":"","site-post-title":"disabled","ast-breadcrumbs-content":"","ast-featured-img":"disabled","footer-sml-layout":"","ast-disable-related-posts":"","theme-transparent-header-meta":"","adv-header-id-meta":"","stick-header-meta":"","header-above-stick-meta":"","header-main-stick-meta":"","header-below-stick-meta":"","astra-migrate-meta-layouts":"default","ast-page-background-enabled":"default","ast-page-background-meta":{"desktop":{"background-color":"var(--ast-global-color-5)","background-image":"","background-repeat":"repeat","background-position":"center center","background-size":"auto","background-attachment":"scroll","background-type":"","background-media":"","overlay-type":"","overlay-color":"","overlay-opacity":"","overlay-gradient":""},"tablet":{"background-color":"","background-image":"","background-repeat":"repeat","background-position":"center center","background-size":"auto","background-attachment":"scroll","background-type":"","background-media":"","overlay-type":"","overlay-color":"","overlay-opacity":"","overlay-gradient":""},"mobile":{"background-color":"","background-image":"","background-repeat":"repeat","background-position":"center center","background-size":"auto","background-attachment":"scroll","background-type":"","background-media":"","overlay-type":"","overlay-color":"","overlay-opacity":"","overlay-gradient":""}},"ast-content-background-meta":{"desktop":{"background-color":"var(--ast-global-color-4)","background-image":"","background-repeat":"repeat","background-position":"center center","background-size":"auto","background-attachment":"scroll","background-type":"","background-media":"","overlay-type":"","overlay-color":"","overlay-opacity":"","overlay-gradient":""},"tablet":{"background-color":"var(--ast-global-color-4)","background-image":"","background-repeat":"repeat","background-position":"center center","background-size":"auto","background-attachment":"scroll","background-type":"","background-media":"","overlay-type":"","overlay-color":"","overlay-opacity":"","overlay-gradient":""},"mobile":{"background-color":"var(--ast-global-color-4)","background-image":"","background-repeat":"repeat","background-position":"center center","background-size":"auto","background-attachment":"scroll","background-type":"","background-media":"","overlay-type":"","overlay-color":"","overlay-opacity":"","overlay-gradient":""}},"footnotes":""},"class_list":["post-145","page","type-page","status-publish","hentry"],"_links":{"self":[{"href":"https:\/\/www.feuerwehr-grosswallstadt.de\/index.php?rest_route=\/wp\/v2\/pages\/145","targetHints":{"allow":["GET"]}}],"collection":[{"href":"https:\/\/www.feuerwehr-grosswallstadt.de\/index.php?rest_route=\/wp\/v2\/pages"}],"about":[{"href":"https:\/\/www.feuerwehr-grosswallstadt.de\/index.php?rest_route=\/wp\/v2\/types\/page"}],"author":[{"embeddable":true,"href":"https:\/\/www.feuerwehr-grosswallstadt.de\/index.php?rest_route=\/wp\/v2\/users\/1"}],"replies":[{"embeddable":true,"href":"https:\/\/www.feuerwehr-grosswallstadt.de\/index.php?rest_route=%2Fwp%2Fv2%2Fcomments&post=145"}],"version-history":[{"count":26,"href":"https:\/\/www.feuerwehr-grosswallstadt.de\/index.php?rest_route=\/wp\/v2\/pages\/145\/revisions"}],"predecessor-version":[{"id":593,"href":"https:\/\/www.feuerwehr-grosswallstadt.de\/index.php?rest_route=\/wp\/v2\/pages\/145\/revisions\/593"}],"wp:attachment":[{"href":"https:\/\/www.feuerwehr-grosswallstadt.de\/index.php?rest_route=%2Fwp%2Fv2%2Fmedia&parent=145"}],"curies":[{"name":"wp","href":"https:\/\/api.w.org\/{rel}","templated":true}]}}