{"id":269,"date":"2025-08-02T12:55:40","date_gmt":"2025-08-02T10:55:40","guid":{"rendered":"http:\/\/www.feuerwehr-grosswallstadt.de\/?page_id=269"},"modified":"2025-08-02T12:59:26","modified_gmt":"2025-08-02T10:59:26","slug":"zug-2","status":"publish","type":"page","link":"https:\/\/www.feuerwehr-grosswallstadt.de\/?page_id=269","title":{"rendered":"Zug 2"},"content":{"rendered":"\t\t<div data-elementor-type=\"wp-page\" data-elementor-id=\"269\" class=\"elementor elementor-269\">\n\t\t\t\t<div class=\"elementor-element elementor-element-c09153b e-flex e-con-boxed e-con e-parent\" data-id=\"c09153b\" data-element_type=\"container\" data-e-type=\"container\">\n\t\t\t\t\t<div class=\"e-con-inner\">\n\t\t<div class=\"elementor-element elementor-element-290ab52 e-con-full e-flex e-con e-child\" data-id=\"290ab52\" data-element_type=\"container\" data-e-type=\"container\">\n\t\t\t\t<div class=\"elementor-element elementor-element-311620d elementor-widget elementor-widget-heading\" data-id=\"311620d\" data-element_type=\"widget\" data-e-type=\"widget\" data-widget_type=\"heading.default\">\n\t\t\t\t<div class=\"elementor-widget-container\">\n\t\t\t\t\t<h2 class=\"elementor-heading-title elementor-size-default\">Zug 2<\/h2>\t\t\t\t<\/div>\n\t\t\t\t<\/div>\n\t\t\t\t<\/div>\n\t\t\t\t\t<\/div>\n\t\t\t\t<\/div>\n\t\t<div class=\"elementor-element elementor-element-6fe1640 e-flex e-con-boxed e-con e-parent\" data-id=\"6fe1640\" data-element_type=\"container\" data-e-type=\"container\">\n\t\t\t\t\t<div class=\"e-con-inner\">\n\t\t<div class=\"elementor-element elementor-element-e42ea28 e-con-full e-flex e-con e-child\" data-id=\"e42ea28\" data-element_type=\"container\" data-e-type=\"container\">\n\t\t\t\t<div class=\"elementor-element elementor-element-c276f32 elementor-widget elementor-widget-teams_widget\" data-id=\"c276f32\" data-element_type=\"widget\" data-e-type=\"widget\" data-widget_type=\"teams_widget.default\">\n\t\t\t\t<div class=\"elementor-widget-container\">\n\t\t\t\t\t\r\n\r\n<div class=\"our-team8\">\r\n    <div class=\"pic8\">\r\n            <img decoding=\"async\" src=\"https:\/\/www.feuerwehr-grosswallstadt.de\/wp-content\/uploads\/2025\/07\/IMG_8109.jpg\">\r\n        <ul class=\"social8\">\r\n                    <\/ul>\r\n    <\/div>\r\n    <div class=\"team-content8\">\r\n        <div class=\"team-info8\">\r\n            <h3 class=\"title8 team_titls\">J\u00fcrgen Schnabel<\/h3>\r\n            <span class=\"post8 team_desc\">Zugf\u00fchrer<\/span>\r\n        <\/div>\r\n    <\/div>\r\n<\/div>\t\t\t\t<\/div>\n\t\t\t\t<\/div>\n\t\t\t\t<\/div>\n\t\t<div class=\"elementor-element elementor-element-56b7b23 e-con-full e-flex e-con e-child\" data-id=\"56b7b23\" data-element_type=\"container\" data-e-type=\"container\">\n\t\t\t\t<div class=\"elementor-element elementor-element-f70593b elementor-widget elementor-widget-teams_widget\" data-id=\"f70593b\" data-element_type=\"widget\" data-e-type=\"widget\" data-widget_type=\"teams_widget.default\">\n\t\t\t\t<div class=\"elementor-widget-container\">\n\t\t\t\t\t\r\n\r\n<div class=\"our-team8\">\r\n    <div class=\"pic8\">\r\n            <img decoding=\"async\" src=\"https:\/\/www.feuerwehr-grosswallstadt.de\/wp-content\/uploads\/2025\/07\/Hein-K_1.jpg\">\r\n        <ul class=\"social8\">\r\n                    <\/ul>\r\n    <\/div>\r\n    <div class=\"team-content8\">\r\n        <div class=\"team-info8\">\r\n            <h3 class=\"title8 team_titls\">Kilian Hein<\/h3>\r\n            <span class=\"post8 team_desc\">stellv. Zugf\u00fchrer<\/span>\r\n        <\/div>\r\n    <\/div>\r\n<\/div>\t\t\t\t<\/div>\n\t\t\t\t<\/div>\n\t\t\t\t<\/div>\n\t\t\t\t\t<\/div>\n\t\t\t\t<\/div>\n\t\t<div class=\"elementor-element elementor-element-3e49eee e-flex e-con-boxed e-con e-parent\" data-id=\"3e49eee\" data-element_type=\"container\" data-e-type=\"container\">\n\t\t\t\t\t<div class=\"e-con-inner\">\n\t\t<div class=\"elementor-element elementor-element-eb39db6 e-con-full e-flex e-con e-child\" data-id=\"eb39db6\" data-element_type=\"container\" data-e-type=\"container\">\n\t\t\t\t<div class=\"elementor-element elementor-element-dd45b3a elementor-widget elementor-widget-image\" data-id=\"dd45b3a\" data-element_type=\"widget\" data-e-type=\"widget\" data-widget_type=\"image.default\">\n\t\t\t\t<div class=\"elementor-widget-container\">\n\t\t\t\t\t\t\t\t\t\t\t\t\t\t\t<img fetchpriority=\"high\" decoding=\"async\" width=\"1024\" height=\"683\" src=\"https:\/\/www.feuerwehr-grosswallstadt.de\/wp-content\/uploads\/2025\/08\/FW-GRW_Zug-2-1024x683.jpg\" class=\"attachment-large size-large wp-image-271\" alt=\"\" srcset=\"https:\/\/www.feuerwehr-grosswallstadt.de\/wp-content\/uploads\/2025\/08\/FW-GRW_Zug-2-1024x683.jpg 1024w, https:\/\/www.feuerwehr-grosswallstadt.de\/wp-content\/uploads\/2025\/08\/FW-GRW_Zug-2-300x200.jpg 300w, https:\/\/www.feuerwehr-grosswallstadt.de\/wp-content\/uploads\/2025\/08\/FW-GRW_Zug-2-768x512.jpg 768w, https:\/\/www.feuerwehr-grosswallstadt.de\/wp-content\/uploads\/2025\/08\/FW-GRW_Zug-2-1536x1024.jpg 1536w, https:\/\/www.feuerwehr-grosswallstadt.de\/wp-content\/uploads\/2025\/08\/FW-GRW_Zug-2-2048x1365.jpg 2048w\" sizes=\"(max-width: 1024px) 100vw, 1024px\" \/>\t\t\t\t\t\t\t\t\t\t\t\t\t\t\t<\/div>\n\t\t\t\t<\/div>\n\t\t\t\t<\/div>\n\t\t\t\t\t<\/div>\n\t\t\t\t<\/div>\n\t\t\t\t<\/div>\n\t\t","protected":false},"excerpt":{"rendered":"<p>Zug 2 J\u00fcrgen Schnabel Zugf\u00fchrer Kilian Hein stellv. Zugf\u00fchrer<\/p>\n","protected":false},"author":1,"featured_media":0,"parent":0,"menu_order":0,"comment_status":"closed","ping_status":"closed","template":"","meta":{"site-sidebar-layout":"no-sidebar","site-content-layout":"","ast-site-content-layout":"full-width-container","site-content-style":"default","site-sidebar-style":"default","ast-global-header-display":"","ast-banner-title-visibility":"","ast-main-header-display":"","ast-hfb-above-header-display":"","ast-hfb-below-header-display":"","ast-hfb-mobile-header-display":"","site-post-title":"disabled","ast-breadcrumbs-content":"","ast-featured-img":"disabled","footer-sml-layout":"","ast-disable-related-posts":"","theme-transparent-header-meta":"","adv-header-id-meta":"","stick-header-meta":"","header-above-stick-meta":"","header-main-stick-meta":"","header-below-stick-meta":"","astra-migrate-meta-layouts":"default","ast-page-background-enabled":"default","ast-page-background-meta":{"desktop":{"background-color":"var(--ast-global-color-5)","background-image":"","background-repeat":"repeat","background-position":"center center","background-size":"auto","background-attachment":"scroll","background-type":"","background-media":"","overlay-type":"","overlay-color":"","overlay-opacity":"","overlay-gradient":""},"tablet":{"background-color":"","background-image":"","background-repeat":"repeat","background-position":"center center","background-size":"auto","background-attachment":"scroll","background-type":"","background-media":"","overlay-type":"","overlay-color":"","overlay-opacity":"","overlay-gradient":""},"mobile":{"background-color":"","background-image":"","background-repeat":"repeat","background-position":"center center","background-size":"auto","background-attachment":"scroll","background-type":"","background-media":"","overlay-type":"","overlay-color":"","overlay-opacity":"","overlay-gradient":""}},"ast-content-background-meta":{"desktop":{"background-color":"var(--ast-global-color-4)","background-image":"","background-repeat":"repeat","background-position":"center center","background-size":"auto","background-attachment":"scroll","background-type":"","background-media":"","overlay-type":"","overlay-color":"","overlay-opacity":"","overlay-gradient":""},"tablet":{"background-color":"var(--ast-global-color-4)","background-image":"","background-repeat":"repeat","background-position":"center center","background-size":"auto","background-attachment":"scroll","background-type":"","background-media":"","overlay-type":"","overlay-color":"","overlay-opacity":"","overlay-gradient":""},"mobile":{"background-color":"var(--ast-global-color-4)","background-image":"","background-repeat":"repeat","background-position":"center center","background-size":"auto","background-attachment":"scroll","background-type":"","background-media":"","overlay-type":"","overlay-color":"","overlay-opacity":"","overlay-gradient":""}},"footnotes":""},"class_list":["post-269","page","type-page","status-publish","hentry"],"_links":{"self":[{"href":"https:\/\/www.feuerwehr-grosswallstadt.de\/index.php?rest_route=\/wp\/v2\/pages\/269","targetHints":{"allow":["GET"]}}],"collection":[{"href":"https:\/\/www.feuerwehr-grosswallstadt.de\/index.php?rest_route=\/wp\/v2\/pages"}],"about":[{"href":"https:\/\/www.feuerwehr-grosswallstadt.de\/index.php?rest_route=\/wp\/v2\/types\/page"}],"author":[{"embeddable":true,"href":"https:\/\/www.feuerwehr-grosswallstadt.de\/index.php?rest_route=\/wp\/v2\/users\/1"}],"replies":[{"embeddable":true,"href":"https:\/\/www.feuerwehr-grosswallstadt.de\/index.php?rest_route=%2Fwp%2Fv2%2Fcomments&post=269"}],"version-history":[{"count":4,"href":"https:\/\/www.feuerwehr-grosswallstadt.de\/index.php?rest_route=\/wp\/v2\/pages\/269\/revisions"}],"predecessor-version":[{"id":274,"href":"https:\/\/www.feuerwehr-grosswallstadt.de\/index.php?rest_route=\/wp\/v2\/pages\/269\/revisions\/274"}],"wp:attachment":[{"href":"https:\/\/www.feuerwehr-grosswallstadt.de\/index.php?rest_route=%2Fwp%2Fv2%2Fmedia&parent=269"}],"curies":[{"name":"wp","href":"https:\/\/api.w.org\/{rel}","templated":true}]}}