{"id":287,"date":"2025-08-02T13:08:37","date_gmt":"2025-08-02T11:08:37","guid":{"rendered":"http:\/\/www.feuerwehr-grosswallstadt.de\/?page_id=287"},"modified":"2025-08-02T13:11:01","modified_gmt":"2025-08-02T11:11:01","slug":"vereinsfuehrung","status":"publish","type":"page","link":"https:\/\/www.feuerwehr-grosswallstadt.de\/?page_id=287","title":{"rendered":"Vereinsf\u00fchrung"},"content":{"rendered":"\t\t<div data-elementor-type=\"wp-post\" data-elementor-id=\"287\" class=\"elementor elementor-287\">\n\t\t\t\t<div class=\"elementor-element elementor-element-583b354 e-flex e-con-boxed e-con e-parent\" data-id=\"583b354\" data-element_type=\"container\" data-e-type=\"container\">\n\t\t\t\t\t<div class=\"e-con-inner\">\n\t\t<div class=\"elementor-element elementor-element-586daf6 e-con-full e-flex e-con e-child\" data-id=\"586daf6\" data-element_type=\"container\" data-e-type=\"container\">\n\t\t\t\t<div class=\"elementor-element elementor-element-2cdcb74 elementor-widget elementor-widget-heading\" data-id=\"2cdcb74\" data-element_type=\"widget\" data-e-type=\"widget\" data-widget_type=\"heading.default\">\n\t\t\t\t<div class=\"elementor-widget-container\">\n\t\t\t\t\t<h2 class=\"elementor-heading-title elementor-size-default\">Vereinsf\u00fchrung<\/h2>\t\t\t\t<\/div>\n\t\t\t\t<\/div>\n\t\t\t\t<\/div>\n\t\t\t\t\t<\/div>\n\t\t\t\t<\/div>\n\t\t<div class=\"elementor-element elementor-element-6df0ad4 e-flex e-con-boxed e-con e-parent\" data-id=\"6df0ad4\" data-element_type=\"container\" data-e-type=\"container\">\n\t\t\t\t\t<div class=\"e-con-inner\">\n\t\t<div class=\"elementor-element elementor-element-cbe581a e-con-full e-flex e-con e-child\" data-id=\"cbe581a\" data-element_type=\"container\" data-e-type=\"container\">\n\t\t\t\t<div class=\"elementor-element elementor-element-4acfd38 elementor-widget elementor-widget-teams_widget\" data-id=\"4acfd38\" data-element_type=\"widget\" data-e-type=\"widget\" data-widget_type=\"teams_widget.default\">\n\t\t\t\t<div class=\"elementor-widget-container\">\n\t\t\t\t\t\r\n\r\n<div class=\"our-team8\">\r\n    <div class=\"pic8\">\r\n            <img decoding=\"async\" src=\"https:\/\/www.feuerwehr-grosswallstadt.de\/wp-content\/uploads\/2025\/08\/Adrian-Th-Fw_2.jpg\">\r\n        <ul class=\"social8\">\r\n                    <\/ul>\r\n    <\/div>\r\n    <div class=\"team-content8\">\r\n        <div class=\"team-info8\">\r\n            <h3 class=\"title8 team_titls\">Thomas Adrian<\/h3>\r\n            <span class=\"post8 team_desc\">1. Vorsitzender<\/span>\r\n        <\/div>\r\n    <\/div>\r\n<\/div>\t\t\t\t<\/div>\n\t\t\t\t<\/div>\n\t\t\t\t<\/div>\n\t\t<div class=\"elementor-element elementor-element-69f5a15 e-con-full e-flex e-con e-child\" data-id=\"69f5a15\" data-element_type=\"container\" data-e-type=\"container\">\n\t\t\t\t<div class=\"elementor-element elementor-element-ac64998 elementor-widget elementor-widget-teams_widget\" data-id=\"ac64998\" data-element_type=\"widget\" data-e-type=\"widget\" data-widget_type=\"teams_widget.default\">\n\t\t\t\t<div class=\"elementor-widget-container\">\n\t\t\t\t\t\r\n\r\n<div class=\"our-team8\">\r\n    <div class=\"pic8\">\r\n            <img decoding=\"async\" src=\"https:\/\/www.feuerwehr-grosswallstadt.de\/wp-content\/plugins\/elementor\/assets\/images\/placeholder.png\">\r\n        <ul class=\"social8\">\r\n                    <\/ul>\r\n    <\/div>\r\n    <div class=\"team-content8\">\r\n        <div class=\"team-info8\">\r\n            <h3 class=\"title8 team_titls\">Thomas Sauerwein<\/h3>\r\n            <span class=\"post8 team_desc\">2. Vorsitzender<\/span>\r\n        <\/div>\r\n    <\/div>\r\n<\/div>\t\t\t\t<\/div>\n\t\t\t\t<\/div>\n\t\t\t\t<\/div>\n\t\t\t\t\t<\/div>\n\t\t\t\t<\/div>\n\t\t<div class=\"elementor-element elementor-element-83e2e8b e-flex e-con-boxed e-con e-parent\" data-id=\"83e2e8b\" data-element_type=\"container\" data-e-type=\"container\">\n\t\t\t\t\t<div class=\"e-con-inner\">\n\t\t<div class=\"elementor-element elementor-element-0fd7428 e-con-full e-flex e-con e-child\" data-id=\"0fd7428\" data-element_type=\"container\" data-e-type=\"container\">\n\t\t\t\t<div class=\"elementor-element elementor-element-5a0ffe8 elementor-widget elementor-widget-teams_widget\" data-id=\"5a0ffe8\" data-element_type=\"widget\" data-e-type=\"widget\" data-widget_type=\"teams_widget.default\">\n\t\t\t\t<div class=\"elementor-widget-container\">\n\t\t\t\t\t\r\n\r\n<div class=\"our-team8\">\r\n    <div class=\"pic8\">\r\n            <img decoding=\"async\" src=\"https:\/\/www.feuerwehr-grosswallstadt.de\/wp-content\/uploads\/2025\/08\/Florian-Seitz.jpg\">\r\n        <ul class=\"social8\">\r\n                    <\/ul>\r\n    <\/div>\r\n    <div class=\"team-content8\">\r\n        <div class=\"team-info8\">\r\n            <h3 class=\"title8 team_titls\">Florian Seitz<\/h3>\r\n            <span class=\"post8 team_desc\">Schriftf\u00fchrer<\/span>\r\n        <\/div>\r\n    <\/div>\r\n<\/div>\t\t\t\t<\/div>\n\t\t\t\t<\/div>\n\t\t\t\t<\/div>\n\t\t<div class=\"elementor-element elementor-element-d559a85 e-con-full e-flex e-con e-child\" data-id=\"d559a85\" data-element_type=\"container\" data-e-type=\"container\">\n\t\t\t\t<div class=\"elementor-element elementor-element-8203ff3 elementor-widget elementor-widget-teams_widget\" data-id=\"8203ff3\" data-element_type=\"widget\" data-e-type=\"widget\" data-widget_type=\"teams_widget.default\">\n\t\t\t\t<div class=\"elementor-widget-container\">\n\t\t\t\t\t\r\n\r\n<div class=\"our-team8\">\r\n    <div class=\"pic8\">\r\n            <img decoding=\"async\" src=\"https:\/\/www.feuerwehr-grosswallstadt.de\/wp-content\/plugins\/elementor\/assets\/images\/placeholder.png\">\r\n        <ul class=\"social8\">\r\n                    <\/ul>\r\n    <\/div>\r\n    <div class=\"team-content8\">\r\n        <div class=\"team-info8\">\r\n            <h3 class=\"title8 team_titls\">Roman D\u00f6lger<\/h3>\r\n            <span class=\"post8 team_desc\">Kassenwart<\/span>\r\n        <\/div>\r\n    <\/div>\r\n<\/div>\t\t\t\t<\/div>\n\t\t\t\t<\/div>\n\t\t\t\t<\/div>\n\t\t\t\t\t<\/div>\n\t\t\t\t<\/div>\n\t\t\t\t<\/div>\n\t\t","protected":false},"excerpt":{"rendered":"<p>Vereinsf\u00fchrung Thomas Adrian 1. Vorsitzender Thomas Sauerwein 2. Vorsitzender Florian Seitz Schriftf\u00fchrer Roman D\u00f6lger Kassenwart<\/p>\n","protected":false},"author":1,"featured_media":0,"parent":0,"menu_order":0,"comment_status":"closed","ping_status":"closed","template":"","meta":{"site-sidebar-layout":"no-sidebar","site-content-layout":"","ast-site-content-layout":"full-width-container","site-content-style":"default","site-sidebar-style":"default","ast-global-header-display":"","ast-banner-title-visibility":"","ast-main-header-display":"","ast-hfb-above-header-display":"","ast-hfb-below-header-display":"","ast-hfb-mobile-header-display":"","site-post-title":"disabled","ast-breadcrumbs-content":"","ast-featured-img":"disabled","footer-sml-layout":"","ast-disable-related-posts":"","theme-transparent-header-meta":"","adv-header-id-meta":"","stick-header-meta":"","header-above-stick-meta":"","header-main-stick-meta":"","header-below-stick-meta":"","astra-migrate-meta-layouts":"default","ast-page-background-enabled":"default","ast-page-background-meta":{"desktop":{"background-color":"var(--ast-global-color-5)","background-image":"","background-repeat":"repeat","background-position":"center center","background-size":"auto","background-attachment":"scroll","background-type":"","background-media":"","overlay-type":"","overlay-color":"","overlay-opacity":"","overlay-gradient":""},"tablet":{"background-color":"","background-image":"","background-repeat":"repeat","background-position":"center center","background-size":"auto","background-attachment":"scroll","background-type":"","background-media":"","overlay-type":"","overlay-color":"","overlay-opacity":"","overlay-gradient":""},"mobile":{"background-color":"","background-image":"","background-repeat":"repeat","background-position":"center center","background-size":"auto","background-attachment":"scroll","background-type":"","background-media":"","overlay-type":"","overlay-color":"","overlay-opacity":"","overlay-gradient":""}},"ast-content-background-meta":{"desktop":{"background-color":"var(--ast-global-color-4)","background-image":"","background-repeat":"repeat","background-position":"center center","background-size":"auto","background-attachment":"scroll","background-type":"","background-media":"","overlay-type":"","overlay-color":"","overlay-opacity":"","overlay-gradient":""},"tablet":{"background-color":"var(--ast-global-color-4)","background-image":"","background-repeat":"repeat","background-position":"center center","background-size":"auto","background-attachment":"scroll","background-type":"","background-media":"","overlay-type":"","overlay-color":"","overlay-opacity":"","overlay-gradient":""},"mobile":{"background-color":"var(--ast-global-color-4)","background-image":"","background-repeat":"repeat","background-position":"center center","background-size":"auto","background-attachment":"scroll","background-type":"","background-media":"","overlay-type":"","overlay-color":"","overlay-opacity":"","overlay-gradient":""}},"footnotes":""},"class_list":["post-287","page","type-page","status-publish","hentry"],"_links":{"self":[{"href":"https:\/\/www.feuerwehr-grosswallstadt.de\/index.php?rest_route=\/wp\/v2\/pages\/287","targetHints":{"allow":["GET"]}}],"collection":[{"href":"https:\/\/www.feuerwehr-grosswallstadt.de\/index.php?rest_route=\/wp\/v2\/pages"}],"about":[{"href":"https:\/\/www.feuerwehr-grosswallstadt.de\/index.php?rest_route=\/wp\/v2\/types\/page"}],"author":[{"embeddable":true,"href":"https:\/\/www.feuerwehr-grosswallstadt.de\/index.php?rest_route=\/wp\/v2\/users\/1"}],"replies":[{"embeddable":true,"href":"https:\/\/www.feuerwehr-grosswallstadt.de\/index.php?rest_route=%2Fwp%2Fv2%2Fcomments&post=287"}],"version-history":[{"count":7,"href":"https:\/\/www.feuerwehr-grosswallstadt.de\/index.php?rest_route=\/wp\/v2\/pages\/287\/revisions"}],"predecessor-version":[{"id":295,"href":"https:\/\/www.feuerwehr-grosswallstadt.de\/index.php?rest_route=\/wp\/v2\/pages\/287\/revisions\/295"}],"wp:attachment":[{"href":"https:\/\/www.feuerwehr-grosswallstadt.de\/index.php?rest_route=%2Fwp%2Fv2%2Fmedia&parent=287"}],"curies":[{"name":"wp","href":"https:\/\/api.w.org\/{rel}","templated":true}]}}